{"id":8824,"date":"2018-08-20T10:18:07","date_gmt":"2018-08-20T10:18:07","guid":{"rendered":"https:\/\/www.blueyesdiscover.com\/kdo-razmislja\/"},"modified":"2020-04-22T08:52:09","modified_gmt":"2020-04-22T08:52:09","slug":"who-is-exploring","status":"publish","type":"page","link":"https:\/\/www.blueyesdiscover.com\/en\/who-is-exploring\/","title":{"rendered":"Who is exploring"},"content":{"rendered":"<p>[vc_row row_content_width=&#8221;grid&#8221; css=&#8221;.vc_custom_1535450293209{padding-top: 50px !important;}&#8221;][vc_column offset=&#8221;vc_col-lg-offset-0 vc_col-lg-6 vc_col-md-offset-0 vc_col-md-12 vc_col-sm-offset-0&#8243;][vc_empty_space height=&#8221;50px&#8221;][vc_column_text]<\/p>\n<h2 style=\"text-align: center;\">WHO AM I?<\/h2>\n<p>[\/vc_column_text][vc_empty_space height=&#8221;20px&#8221;][vc_column_text]<\/p>\n<p style=\"text-align: center;\">Who are we? Who is anybody? Why are we here? Just to exist?<\/p>\n<p style=\"text-align: center;\">No, to live. Each alone and all together. To dream. To be happy. To create. Experience. Explore. Learn. To discover yourself.<\/p>\n<p style=\"text-align: center;\">Only then can we make progress. Only then can we find reasons,<\/p>\n<p style=\"text-align: center;\">why and who we are. I am unique.<\/p>\n<p>[\/vc_column_text][\/vc_column][vc_column offset=&#8221;vc_col-lg-offset-0 vc_col-lg-6 vc_col-md-offset-0 vc_col-md-12 vc_col-sm-offset-0&#8243;]<div class=\"mkdf-video-button-holder  mkdf-vb-has-img mkdf-vb-has-frame\">\n\t<div class=\"mkdf-video-button-image\">\n\t\t<img width=\"1919\" height=\"1079\" src=\"https:\/\/www.blueyesdiscover.com\/wp-content\/uploads\/2019\/11\/Screenshot_20191026_151530_com.huawei.himovie.overseas.jpg\" class=\"attachment-full size-full\" alt=\"\" decoding=\"async\" loading=\"lazy\" srcset=\"https:\/\/www.blueyesdiscover.com\/wp-content\/uploads\/2019\/11\/Screenshot_20191026_151530_com.huawei.himovie.overseas.jpg 1919w, https:\/\/www.blueyesdiscover.com\/wp-content\/uploads\/2019\/11\/Screenshot_20191026_151530_com.huawei.himovie.overseas-300x169.jpg 300w, https:\/\/www.blueyesdiscover.com\/wp-content\/uploads\/2019\/11\/Screenshot_20191026_151530_com.huawei.himovie.overseas-768x432.jpg 768w, https:\/\/www.blueyesdiscover.com\/wp-content\/uploads\/2019\/11\/Screenshot_20191026_151530_com.huawei.himovie.overseas-1024x576.jpg 1024w, https:\/\/www.blueyesdiscover.com\/wp-content\/uploads\/2019\/11\/Screenshot_20191026_151530_com.huawei.himovie.overseas-1320x742.jpg 1320w\" sizes=\"(max-width: 1919px) 100vw, 1919px\" \/>\t<\/div>\n\t\t\t<a class=\"mkdf-video-button-play-image \" href=\"https:\/\/www.blueyesdiscover.com\/wp-content\/uploads\/2019\/11\/VID_20191026_150027.mp4\" data-rel=\"prettyPhoto[video_button_pretty_photo_303]\">\n\t\t\t<span class=\"mkdf-video-button-play-inner\">\n\t\t\t\t<img width=\"100\" height=\"100\" src=\"https:\/\/www.blueyesdiscover.com\/wp-content\/uploads\/2018\/08\/play-button.png\" class=\"attachment-full size-full\" alt=\"o\" decoding=\"async\" loading=\"lazy\" \/>\t\t\t\t\t\t\t<\/span>\n\t\t<\/a>\n\t<\/div>[vc_empty_space height=&#8221;29px&#8221;][vc_row_inner css=&#8221;.vc_custom_1575107735972{padding-bottom: 80px !important;padding-left: 10px !important;}&#8221;][vc_column_inner]<p class=\"mkdf-custom-font-holder  mkdf-cf-1525  \" style=\"font-family: Logo_font;font-size: 44px;font-weight: 300;letter-spacing: 0.1px;text-align: center;color: #000000\" data-item-class=\"mkdf-cf-1525\">\n\tDa sanjamo. Smo sre\u010dni. Ustvarjamo. Do\u017eivljamo. Raziskujemo. Se u\u010dimo. In spoznavamo.<\/p>[\/vc_column_inner][\/vc_row_inner][\/vc_column][\/vc_row][vc_row row_content_width=&#8221;grid&#8221; content_text_aligment=&#8221;center&#8221; css=&#8221;.vc_custom_1573286625641{padding-top: 20px !important;padding-bottom: 20px !important;}&#8221;][vc_column]<div class=\"mkdf-section-title-holder  mkdf-st-standard mkdf-st-title-left mkdf-st-normal-space mkdf-st-disable-title-break\" style=\"text-align: center\">\n\t<div class=\"mkdf-st-inner\">\n\t\t\t\t\t<h2 class=\"mkdf-st-title\" >\n\t\t\t\tWHO I AM IN THEIR EYES\t\t\t<\/h2>\n\t\t\t\t\t\t\t<p class=\"mkdf-st-text\" style=\"color: #838383;font-size: 18px;line-height: 30px;font-weight: 400;margin-top: 20px\">\n\t\t\t\tDifferent people. Different circumstance. Unique friendships. Honest relationships. That is how my loved ones see me.\t\t\t<\/p>\n\t\t\t<\/div>\n<\/div>[vc_empty_space height=&#8221;70px&#8221;]<div class=\"mkdf-testimonials-holder clearfix mkdf-testimonials-boxed-text \">\n    <div class=\"mkdf-testimonials mkdf-owl-slider mkdf-border-around\" data-number-of-items=\"3\" data-enable-loop=\"yes\" data-enable-autoplay=\"yes\" data-slider-speed=\"5000\" data-slider-speed-animation=\"600\" data-enable-navigation=\"yes\" data-enable-pagination=\"no\" data-slider-margin=\"20\">\n\n        \n                <div class=\"mkdf-testimonial-content mkdf-testimonials9490\">\n                    <div class=\"mkdf-testimonial-content-inner\">\n                        <div class=\"mkdf-testimonial-text-holder\">\n                            <div class=\"mkdf-testimonial-text-inner\">\n\t                                                                <div class=\"mkdf-testimonial-image\">\n\t\t\t                            <img width=\"3672\" height=\"3672\" src=\"https:\/\/www.blueyesdiscover.com\/wp-content\/uploads\/2019\/11\/stipe-min.jpg\" class=\"attachment-full size-full wp-post-image\" alt=\"\" decoding=\"async\" loading=\"lazy\" srcset=\"https:\/\/www.blueyesdiscover.com\/wp-content\/uploads\/2019\/11\/stipe-min.jpg 3672w, https:\/\/www.blueyesdiscover.com\/wp-content\/uploads\/2019\/11\/stipe-min-150x150.jpg 150w, https:\/\/www.blueyesdiscover.com\/wp-content\/uploads\/2019\/11\/stipe-min-300x300.jpg 300w, https:\/\/www.blueyesdiscover.com\/wp-content\/uploads\/2019\/11\/stipe-min-768x768.jpg 768w, https:\/\/www.blueyesdiscover.com\/wp-content\/uploads\/2019\/11\/stipe-min-1024x1024.jpg 1024w, https:\/\/www.blueyesdiscover.com\/wp-content\/uploads\/2019\/11\/stipe-min-650x650.jpg 650w, https:\/\/www.blueyesdiscover.com\/wp-content\/uploads\/2019\/11\/stipe-min-1300x1300.jpg 1300w, https:\/\/www.blueyesdiscover.com\/wp-content\/uploads\/2019\/11\/stipe-min-1320x1320.jpg 1320w\" sizes=\"(max-width: 3672px) 100vw, 3672px\" \/>                                    <\/div>\n\t                                                            <div class=\"mkdf-testimonial-text-content\">\n                                                                                                                <p class=\"mkdf-testimonial-text\">Ko sem Anjo jeseni leta 2015 prvi\u010d zagledal v vasi Khote, ob strugi divje reke Marsyangdi, se mi je zdelo, da se poznamo \u017ee ve\u010d let in da smo \u017ee mnogokrat sodelovali na skupnih potopisnih projektih. Takoj sem zaznal njen pustolovski duh in novinarski talent. \u0160e posebej me je razveselilo, da je pripravljena pomagati revnim, pomo\u010di potrebnim kmetom iz Nepala, ki so po velikem potresu ostali brez vsega. Izvrstno se je vklopila v ekipo in timski duh na\u0161e odprave. S svojo radostjo je osvojila vse nas. \u010ceprav je med nama velika razdalja, jaz sem v Splitu, ona v Sloveniji, zdaj celo v Avstraliji, imam ob\u010dutek, da bo najino prijateljstvo, ki se je za\u010delo v Nepalu, trajalo ve\u010dno.<\/p>\n                                                                                                                <div class=\"mkdf-testimonial-author\">\n                                            <p class=\"mkdf-testimonials-author-name\">- Stipe Bo\u017ei\u0107<\/p>\n                                                                                            <p class=\"mkdf-testimonials-author-job\">moj guru, hrva\u0161ki alpinist, pisatelj, fotograf, re\u017eiser in snemalec dokumentarnih filmov<\/p>\n                                                                                    <\/div>\n                                                                    <\/div>\n                            <\/div>\n                        <\/div>\n                    <\/div>\n                <\/div>\n\n                \n                <div class=\"mkdf-testimonial-content mkdf-testimonials9488\">\n                    <div class=\"mkdf-testimonial-content-inner\">\n                        <div class=\"mkdf-testimonial-text-holder\">\n                            <div class=\"mkdf-testimonial-text-inner\">\n\t                                                                <div class=\"mkdf-testimonial-image\">\n\t\t\t                            <img width=\"539\" height=\"531\" src=\"https:\/\/www.blueyesdiscover.com\/wp-content\/uploads\/2019\/11\/Capture.png\" class=\"attachment-full size-full wp-post-image\" alt=\"\" decoding=\"async\" loading=\"lazy\" srcset=\"https:\/\/www.blueyesdiscover.com\/wp-content\/uploads\/2019\/11\/Capture.png 539w, https:\/\/www.blueyesdiscover.com\/wp-content\/uploads\/2019\/11\/Capture-300x296.png 300w\" sizes=\"(max-width: 539px) 100vw, 539px\" \/>                                    <\/div>\n\t                                                            <div class=\"mkdf-testimonial-text-content\">\n                                                                                                                <p class=\"mkdf-testimonial-text\">Anja is one very special girl. EMotional, honest. sportive, reliable. Sometimes little psicho.<\/p>\n                                                                                                                <div class=\"mkdf-testimonial-author\">\n                                            <p class=\"mkdf-testimonials-author-name\">- Emi Niko\u010devi\u0107<\/p>\n                                                                                            <p class=\"mkdf-testimonials-author-job\">person with unlimited amount of energy. Positive one.<\/p>\n                                                                                    <\/div>\n                                                                    <\/div>\n                            <\/div>\n                        <\/div>\n                    <\/div>\n                <\/div>\n\n                \n    <\/div>\n<\/div>[vc_column_text]This is what they had to say about me &#8230; the chosen ones. Individuals who taught me so much, who know me well and who, I&#8217;m certain, will always stand by my side.<\/p>\n<p>I say for myself I only want to live. I&#8217;m eating life with a big spoon. With every breath. Every second. I want to experience everything and to have no regrets.<\/p>\n<p>Follow <a style=\"color: #00b3bd;\" href=\"https:\/\/www.facebook.com\/blueyesdiscover\/\" target=\"_blank\" rel=\"noopener noreferrer\">my stories<\/a> to learn more about my way.[\/vc_column_text][\/vc_column][\/vc_row][vc_row][vc_column][vc_empty_space height=&#8221;30px&#8221;]<div class=\"mkdf-section-title-holder  mkdf-st-standard mkdf-st-title-left mkdf-st-normal-space mkdf-st-disable-title-break\" style=\"text-align: center\">\n\t<div class=\"mkdf-st-inner\">\n\t\t\t\t\t<h2 class=\"mkdf-st-title\" >\n\t\t\t\tI know you wanna ask me something\t\t\t<\/h2>\n\t\t\t\t\t<\/div>\n<\/div>[vc_empty_space height=&#8221;30px&#8221;][\/vc_column][\/vc_row][vc_row full_width=&#8221;stretch_row_content&#8221; content_text_aligment=&#8221;center&#8221; css=&#8221;.vc_custom_1573739938341{padding-bottom: 30px !important;background-image: url(https:\/\/www.blueyesdiscover.com\/wp-content\/uploads\/2019\/11\/formblack.jpg?id=6652) !important;}&#8221;][vc_column width=&#8221;1\/3&#8243;][\/vc_column][vc_column width=&#8221;1\/3&#8243;]\n<div class=\"wpcf7 no-js\" id=\"wpcf7-f9576-o1\" lang=\"en-US\" dir=\"ltr\">\n<div class=\"screen-reader-response\"><p role=\"status\" aria-live=\"polite\" aria-atomic=\"true\"><\/p> <ul><\/ul><\/div>\n<form action=\"\/en\/wp-json\/wp\/v2\/pages\/8824#wpcf7-f9576-o1\" method=\"post\" class=\"wpcf7-form init cf7_custom_style_3\" aria-label=\"Contact form\" novalidate=\"novalidate\" data-status=\"init\">\n<div style=\"display: none;\">\n<input type=\"hidden\" name=\"_wpcf7\" value=\"9576\" \/>\n<input type=\"hidden\" name=\"_wpcf7_version\" value=\"5.7.4\" \/>\n<input type=\"hidden\" name=\"_wpcf7_locale\" value=\"en_US\" \/>\n<input type=\"hidden\" name=\"_wpcf7_unit_tag\" value=\"wpcf7-f9576-o1\" \/>\n<input type=\"hidden\" name=\"_wpcf7_container_post\" value=\"0\" \/>\n<input type=\"hidden\" name=\"_wpcf7_posted_data_hash\" value=\"\" \/>\n<input type=\"hidden\" name=\"_wpcf7_recaptcha_response\" value=\"\" \/>\n<\/div>\n<p><label> Name (obligatory)<br \/>\n<span class=\"wpcf7-form-control-wrap\" data-name=\"your-name\"><input size=\"40\" class=\"wpcf7-form-control wpcf7-text wpcf7-validates-as-required\" aria-required=\"true\" aria-invalid=\"false\" value=\"\" type=\"text\" name=\"your-name\" \/><\/span> <\/label>\n<\/p>\n<p><label> Email (obligatory)<br \/>\n<span class=\"wpcf7-form-control-wrap\" data-name=\"your-email\"><input size=\"40\" class=\"wpcf7-form-control wpcf7-text wpcf7-email wpcf7-validates-as-required wpcf7-validates-as-email\" aria-required=\"true\" aria-invalid=\"false\" value=\"\" type=\"email\" name=\"your-email\" \/><\/span> <\/label>\n<\/p>\n<p><label> Message<br \/>\n<span class=\"wpcf7-form-control-wrap\" data-name=\"your-message\"><textarea cols=\"2\" rows=\"2\" class=\"wpcf7-form-control wpcf7-textarea\" aria-invalid=\"false\" name=\"your-message\"><\/textarea><\/span> <\/label>\n<\/p>\n<p><input class=\"wpcf7-form-control has-spinner wpcf7-submit\" type=\"submit\" value=\"Send\" \/>\n<\/p><p style=\"display: none !important;\"><label>&#916;<textarea name=\"_wpcf7_ak_hp_textarea\" cols=\"45\" rows=\"8\" maxlength=\"100\"><\/textarea><\/label><input type=\"hidden\" id=\"ak_js_1\" name=\"_wpcf7_ak_js\" value=\"87\"\/><script>document.getElementById( \"ak_js_1\" ).setAttribute( \"value\", ( new Date() ).getTime() );<\/script><\/p><div class=\"wpcf7-response-output\" aria-hidden=\"true\"><\/div>\n<\/form>\n<\/div>\n[\/vc_column][vc_column width=&#8221;1\/3&#8243;][\/vc_column][\/vc_row]<\/p>\n","protected":false},"excerpt":{"rendered":"<p>[vc_row row_content_width=&#8221;grid&#8221; css=&#8221;.vc_custom_1535450293209{padding-top: 50px !important;}&#8221;][vc_column offset=&#8221;vc_col-lg-offset-0 vc_col-lg-6 vc_col-md-offset-0 vc_col-md-12 vc_col-sm-offset-0&#8243;][vc_empty_space height=&#8221;50px&#8221;][vc_column_text] WHO AM I? [\/vc_column_text][vc_empty_space height=&#8221;20px&#8221;][vc_column_text] Who are we? Who is anybody? Why are we here? Just to exist? No, to live. Each alone and all together. To dream. To [&hellip;]<\/p>\n","protected":false},"author":2,"featured_media":8190,"parent":0,"menu_order":0,"comment_status":"closed","ping_status":"closed","template":"","meta":{"_mi_skip_tracking":false},"yoast_head":"<!-- This site is optimized with the Yoast SEO plugin v20.3 - https:\/\/yoast.com\/wordpress\/plugins\/seo\/ -->\n<title>Who is exploring ~ Blue Eyes Discover<\/title>\n<meta name=\"robots\" content=\"index, follow, max-snippet:-1, max-image-preview:large, max-video-preview:-1\" \/>\n<link rel=\"canonical\" href=\"https:\/\/www.blueyesdiscover.com\/en\/who-is-exploring\/\" \/>\n<meta property=\"og:locale\" content=\"en_US\" \/>\n<meta property=\"og:type\" content=\"article\" \/>\n<meta property=\"og:title\" content=\"Who is exploring ~ Blue Eyes Discover\" \/>\n<meta property=\"og:description\" content=\"[vc_row row_content_width=&#8221;grid&#8221; css=&#8221;.vc_custom_1535450293209{padding-top: 50px !important;}&#8221;][vc_column offset=&#8221;vc_col-lg-offset-0 vc_col-lg-6 vc_col-md-offset-0 vc_col-md-12 vc_col-sm-offset-0&#8243;][vc_empty_space height=&#8221;50px&#8221;][vc_column_text] WHO AM I? [\/vc_column_text][vc_empty_space height=&#8221;20px&#8221;][vc_column_text] Who are we? Who is anybody? Why are we here? Just to exist? No, to live. Each alone and all together. To dream. To [&hellip;]\" \/>\n<meta property=\"og:url\" content=\"https:\/\/www.blueyesdiscover.com\/en\/who-is-exploring\/\" \/>\n<meta property=\"og:site_name\" content=\"Blue Eyes Discover\" \/>\n<meta property=\"article:modified_time\" content=\"2020-04-22T08:52:09+00:00\" \/>\n<meta property=\"og:image\" content=\"https:\/\/www.blueyesdiscover.com\/wp-content\/uploads\/2019\/10\/6_r.jpg\" \/>\n\t<meta property=\"og:image:width\" content=\"1920\" \/>\n\t<meta property=\"og:image:height\" content=\"1280\" \/>\n\t<meta property=\"og:image:type\" content=\"image\/jpeg\" \/>\n<meta name=\"twitter:card\" content=\"summary_large_image\" \/>\n<meta name=\"twitter:label1\" content=\"Est. reading time\" \/>\n\t<meta name=\"twitter:data1\" content=\"2 minutes\" \/>\n<script type=\"application\/ld+json\" class=\"yoast-schema-graph\">{\"@context\":\"https:\/\/schema.org\",\"@graph\":[{\"@type\":\"WebPage\",\"@id\":\"https:\/\/www.blueyesdiscover.com\/en\/who-is-exploring\/\",\"url\":\"https:\/\/www.blueyesdiscover.com\/en\/who-is-exploring\/\",\"name\":\"Who is exploring ~ Blue Eyes Discover\",\"isPartOf\":{\"@id\":\"https:\/\/www.blueyesdiscover.com\/en\/#website\"},\"datePublished\":\"2018-08-20T10:18:07+00:00\",\"dateModified\":\"2020-04-22T08:52:09+00:00\",\"breadcrumb\":{\"@id\":\"https:\/\/www.blueyesdiscover.com\/en\/who-is-exploring\/#breadcrumb\"},\"inLanguage\":\"en-US\",\"potentialAction\":[{\"@type\":\"ReadAction\",\"target\":[\"https:\/\/www.blueyesdiscover.com\/en\/who-is-exploring\/\"]}]},{\"@type\":\"BreadcrumbList\",\"@id\":\"https:\/\/www.blueyesdiscover.com\/en\/who-is-exploring\/#breadcrumb\",\"itemListElement\":[{\"@type\":\"ListItem\",\"position\":1,\"name\":\"Home\",\"item\":\"https:\/\/www.blueyesdiscover.com\/en\/\"},{\"@type\":\"ListItem\",\"position\":2,\"name\":\"Who is exploring\"}]},{\"@type\":\"WebSite\",\"@id\":\"https:\/\/www.blueyesdiscover.com\/en\/#website\",\"url\":\"https:\/\/www.blueyesdiscover.com\/en\/\",\"name\":\"Blue Eyes Discover\",\"description\":\"\",\"publisher\":{\"@id\":\"https:\/\/www.blueyesdiscover.com\/en\/#\/schema\/person\/0b46de0638deeffbc234090b3edcbbc5\"},\"potentialAction\":[{\"@type\":\"SearchAction\",\"target\":{\"@type\":\"EntryPoint\",\"urlTemplate\":\"https:\/\/www.blueyesdiscover.com\/en\/?s={search_term_string}\"},\"query-input\":\"required name=search_term_string\"}],\"inLanguage\":\"en-US\"},{\"@type\":[\"Person\",\"Organization\"],\"@id\":\"https:\/\/www.blueyesdiscover.com\/en\/#\/schema\/person\/0b46de0638deeffbc234090b3edcbbc5\",\"name\":\"Anja Kova\u010di\u010d\",\"image\":{\"@type\":\"ImageObject\",\"inLanguage\":\"en-US\",\"@id\":\"https:\/\/www.blueyesdiscover.com\/en\/#\/schema\/person\/image\/\",\"url\":\"https:\/\/secure.gravatar.com\/avatar\/646563045259d4a02ee0969a77671824?s=96&d=mm&r=g\",\"contentUrl\":\"https:\/\/secure.gravatar.com\/avatar\/646563045259d4a02ee0969a77671824?s=96&d=mm&r=g\",\"caption\":\"Anja Kova\u010di\u010d\"},\"logo\":{\"@id\":\"https:\/\/www.blueyesdiscover.com\/en\/#\/schema\/person\/image\/\"}}]}<\/script>\n<!-- \/ Yoast SEO plugin. -->","yoast_head_json":{"title":"Who is exploring ~ Blue Eyes Discover","robots":{"index":"index","follow":"follow","max-snippet":"max-snippet:-1","max-image-preview":"max-image-preview:large","max-video-preview":"max-video-preview:-1"},"canonical":"https:\/\/www.blueyesdiscover.com\/en\/who-is-exploring\/","og_locale":"en_US","og_type":"article","og_title":"Who is exploring ~ Blue Eyes Discover","og_description":"[vc_row row_content_width=&#8221;grid&#8221; css=&#8221;.vc_custom_1535450293209{padding-top: 50px !important;}&#8221;][vc_column offset=&#8221;vc_col-lg-offset-0 vc_col-lg-6 vc_col-md-offset-0 vc_col-md-12 vc_col-sm-offset-0&#8243;][vc_empty_space height=&#8221;50px&#8221;][vc_column_text] WHO AM I? [\/vc_column_text][vc_empty_space height=&#8221;20px&#8221;][vc_column_text] Who are we? Who is anybody? Why are we here? Just to exist? No, to live. Each alone and all together. To dream. To [&hellip;]","og_url":"https:\/\/www.blueyesdiscover.com\/en\/who-is-exploring\/","og_site_name":"Blue Eyes Discover","article_modified_time":"2020-04-22T08:52:09+00:00","og_image":[{"width":1920,"height":1280,"url":"https:\/\/www.blueyesdiscover.com\/wp-content\/uploads\/2019\/10\/6_r.jpg","type":"image\/jpeg"}],"twitter_card":"summary_large_image","twitter_misc":{"Est. reading time":"2 minutes"},"schema":{"@context":"https:\/\/schema.org","@graph":[{"@type":"WebPage","@id":"https:\/\/www.blueyesdiscover.com\/en\/who-is-exploring\/","url":"https:\/\/www.blueyesdiscover.com\/en\/who-is-exploring\/","name":"Who is exploring ~ Blue Eyes Discover","isPartOf":{"@id":"https:\/\/www.blueyesdiscover.com\/en\/#website"},"datePublished":"2018-08-20T10:18:07+00:00","dateModified":"2020-04-22T08:52:09+00:00","breadcrumb":{"@id":"https:\/\/www.blueyesdiscover.com\/en\/who-is-exploring\/#breadcrumb"},"inLanguage":"en-US","potentialAction":[{"@type":"ReadAction","target":["https:\/\/www.blueyesdiscover.com\/en\/who-is-exploring\/"]}]},{"@type":"BreadcrumbList","@id":"https:\/\/www.blueyesdiscover.com\/en\/who-is-exploring\/#breadcrumb","itemListElement":[{"@type":"ListItem","position":1,"name":"Home","item":"https:\/\/www.blueyesdiscover.com\/en\/"},{"@type":"ListItem","position":2,"name":"Who is exploring"}]},{"@type":"WebSite","@id":"https:\/\/www.blueyesdiscover.com\/en\/#website","url":"https:\/\/www.blueyesdiscover.com\/en\/","name":"Blue Eyes Discover","description":"","publisher":{"@id":"https:\/\/www.blueyesdiscover.com\/en\/#\/schema\/person\/0b46de0638deeffbc234090b3edcbbc5"},"potentialAction":[{"@type":"SearchAction","target":{"@type":"EntryPoint","urlTemplate":"https:\/\/www.blueyesdiscover.com\/en\/?s={search_term_string}"},"query-input":"required name=search_term_string"}],"inLanguage":"en-US"},{"@type":["Person","Organization"],"@id":"https:\/\/www.blueyesdiscover.com\/en\/#\/schema\/person\/0b46de0638deeffbc234090b3edcbbc5","name":"Anja Kova\u010di\u010d","image":{"@type":"ImageObject","inLanguage":"en-US","@id":"https:\/\/www.blueyesdiscover.com\/en\/#\/schema\/person\/image\/","url":"https:\/\/secure.gravatar.com\/avatar\/646563045259d4a02ee0969a77671824?s=96&d=mm&r=g","contentUrl":"https:\/\/secure.gravatar.com\/avatar\/646563045259d4a02ee0969a77671824?s=96&d=mm&r=g","caption":"Anja Kova\u010di\u010d"},"logo":{"@id":"https:\/\/www.blueyesdiscover.com\/en\/#\/schema\/person\/image\/"}}]}},"_links":{"self":[{"href":"https:\/\/www.blueyesdiscover.com\/en\/wp-json\/wp\/v2\/pages\/8824"}],"collection":[{"href":"https:\/\/www.blueyesdiscover.com\/en\/wp-json\/wp\/v2\/pages"}],"about":[{"href":"https:\/\/www.blueyesdiscover.com\/en\/wp-json\/wp\/v2\/types\/page"}],"author":[{"embeddable":true,"href":"https:\/\/www.blueyesdiscover.com\/en\/wp-json\/wp\/v2\/users\/2"}],"replies":[{"embeddable":true,"href":"https:\/\/www.blueyesdiscover.com\/en\/wp-json\/wp\/v2\/comments?post=8824"}],"version-history":[{"count":5,"href":"https:\/\/www.blueyesdiscover.com\/en\/wp-json\/wp\/v2\/pages\/8824\/revisions"}],"predecessor-version":[{"id":9577,"href":"https:\/\/www.blueyesdiscover.com\/en\/wp-json\/wp\/v2\/pages\/8824\/revisions\/9577"}],"wp:featuredmedia":[{"embeddable":true,"href":"https:\/\/www.blueyesdiscover.com\/en\/wp-json\/wp\/v2\/media\/8190"}],"wp:attachment":[{"href":"https:\/\/www.blueyesdiscover.com\/en\/wp-json\/wp\/v2\/media?parent=8824"}],"curies":[{"name":"wp","href":"https:\/\/api.w.org\/{rel}","templated":true}]}}